{"id":3685,"date":"2017-04-27T11:35:12","date_gmt":"2017-04-27T10:35:12","guid":{"rendered":"https:\/\/reproduction-badge.fr\/?page_id=3685"},"modified":"2017-04-28T08:32:47","modified_gmt":"2017-04-28T07:32:47","slug":"carmine","status":"publish","type":"page","link":"https:\/\/reproduction-badge.fr\/?page_id=3685","title":{"rendered":"CARMINE"},"content":{"rendered":"<\/div><\/div><\/div><!-- close content main div --><\/div><\/div><div id='av-layout-grid-1' class='av-layout-grid-container entry-content-wrapper main_color av-flex-cells  container_wrap fullsize'   >\n<div class=\"flex_cell no_margin av_one_third   \" style='vertical-align:top; padding:30px; '><div class='flex_cell_inner' ><div class='avia-image-container  av-styling-   avia-align-center '  itemscope=\"itemscope\" itemtype=\"https:\/\/schema.org\/ImageObject\"  ><div class='avia-image-container-inner'><img class='avia_image ' src='https:\/\/reproduction-badge.fr\/wp-content\/uploads\/2013\/04\/Screenshot_2-1030x5641.jpg' alt='' title='Screenshot_2-1030x564'   itemprop=\"thumbnailUrl\"  \/><\/div><\/div>\n<\/div><\/div><div class=\"flex_cell no_margin av_one_third   \" style='vertical-align:top; padding:30px; '><div class='flex_cell_inner' ><div class='avia-image-container  av-styling-   avia-align-center '  itemscope=\"itemscope\" itemtype=\"https:\/\/schema.org\/ImageObject\"  ><div class='avia-image-container-inner'><img class='avia_image ' src='https:\/\/reproduction-badge.fr\/wp-content\/uploads\/2013\/04\/encart_coordonn\u00e9es1.png' alt='' title='encart_coordonn\u00e9es'   itemprop=\"thumbnailUrl\"  \/><\/div><\/div>\n<\/div><\/div><div class=\"flex_cell no_margin av_one_third   \" style='vertical-align:top; padding:30px; '><div class='flex_cell_inner' ><div id='av_gmap_1' class='avia-google-map-container' data-mapid='1' style='height: 300px;'><\/div>\n<\/div><\/div>\n<\/div>\n<section class=\"av_textblock_section\"  itemscope=\"itemscope\" itemtype=\"https:\/\/schema.org\/CreativeWork\" ><div class='avia_textblock '   itemprop=\"text\" ><h1 style=\"text-align: center;\">Reproduction de Cl\u00e9s de marque\u00a0CARMINE<img loading=\"lazy\" decoding=\"async\" class=\"size-full wp-image-3705 aligncenter\" src=\"http:\/\/reproduction-badge.fr\/wp-content\/uploads\/2017\/04\/carmine.jpg\" alt=\"carmine\" width=\"525\" height=\"172\" srcset=\"https:\/\/reproduction-badge.fr\/wp-content\/uploads\/2017\/04\/carmine.jpg 525w, https:\/\/reproduction-badge.fr\/wp-content\/uploads\/2017\/04\/carmine-300x98.jpg 300w, https:\/\/reproduction-badge.fr\/wp-content\/uploads\/2017\/04\/carmine-450x147.jpg 450w\" sizes=\"auto, (max-width: 525px) 100vw, 525px\" \/><\/h1>\n<h2><\/h2>\n<\/div><\/section>\n<\/div><\/div><\/div><!-- close content main div --><\/div><\/div><div id='av-layout-grid-2' class='av-layout-grid-container entry-content-wrapper main_color av-flex-cells av-border-top-bottom container_wrap fullsize'   >\n<div class=\"flex_cell no_margin av_one_fifth   \" style='vertical-align:top; padding:20px 0px 20px 20px ; '><div class='flex_cell_inner' ><section class=\"av_textblock_section\"  itemscope=\"itemscope\" itemtype=\"https:\/\/schema.org\/CreativeWork\" ><div class='avia_textblock '   itemprop=\"text\" ><h2 style=\"text-align: center;\">CL\u00c9\u00a0CARMINE TARA 5<\/h2>\n<\/div><\/section><br \/>\n<div class='avia-image-container  av-styling-   avia-align-center '  itemscope=\"itemscope\" itemtype=\"https:\/\/schema.org\/ImageObject\"  ><div class='avia-image-container-inner'><img class='avia_image ' src='https:\/\/reproduction-badge.fr\/wp-content\/uploads\/2017\/04\/cle-carmin-tara-5.jpg' alt='' title='cle carmin tara 5'   itemprop=\"thumbnailUrl\"  \/><\/div><\/div><\/p>\n<\/div><\/div><div class=\"flex_cell no_margin av_one_fifth   \" style='vertical-align:top; padding:20px 0px 20px 20px ; '><div class='flex_cell_inner' ><section class=\"av_textblock_section\"  itemscope=\"itemscope\" itemtype=\"https:\/\/schema.org\/CreativeWork\" ><div class='avia_textblock '   itemprop=\"text\" ><h2 style=\"text-align: center;\">CL\u00c9\u00a0CARMINE TARA 8<\/h2>\n<\/div><\/section><br \/>\n<div class='avia-image-container  av-styling-   avia-align-center '  itemscope=\"itemscope\" itemtype=\"https:\/\/schema.org\/ImageObject\"  ><div class='avia-image-container-inner'><img class='avia_image ' src='https:\/\/reproduction-badge.fr\/wp-content\/uploads\/2017\/04\/Cl\u00e9-carmine-tara-8.jpg' alt='' title='Cl\u00e9 carmine tara 8'   itemprop=\"thumbnailUrl\"  \/><\/div><\/div><\/p>\n<\/div><\/div><div class=\"flex_cell no_margin av_one_fifth   \" style='vertical-align:top; padding:20px 0px 20px 20px ; '><div class='flex_cell_inner' ><section class=\"av_textblock_section\"  itemscope=\"itemscope\" itemtype=\"https:\/\/schema.org\/CreativeWork\" ><div class='avia_textblock '   itemprop=\"text\" ><h2 style=\"text-align: center;\">CL\u00c9\u00a0CARMINE TARA 10<\/h2>\n<\/div><\/section><br \/>\n<div class='avia-image-container  av-styling-   avia-align-center '  itemscope=\"itemscope\" itemtype=\"https:\/\/schema.org\/ImageObject\"  ><div class='avia-image-container-inner'><img class='avia_image ' src='https:\/\/reproduction-badge.fr\/wp-content\/uploads\/2017\/04\/Cl\u00e9-carmine-tara-10.jpg' alt='' title='Cl\u00e9 carmine tara 10'   itemprop=\"thumbnailUrl\"  \/><\/div><\/div><\/p>\n<\/div><\/div><div class=\"flex_cell no_margin av_one_fifth   \" style='vertical-align:top; padding:20px 0px 20px 20px ; '><div class='flex_cell_inner' ><section class=\"av_textblock_section\"  itemscope=\"itemscope\" itemtype=\"https:\/\/schema.org\/CreativeWork\" ><div class='avia_textblock '   itemprop=\"text\" ><h2 style=\"text-align: center;\">CL\u00c9\u00a0CARMINE TARA 16<\/h2>\n<\/div><\/section><br \/>\n<div class='avia-image-container  av-styling-   avia-align-center '  itemscope=\"itemscope\" itemtype=\"https:\/\/schema.org\/ImageObject\"  ><div class='avia-image-container-inner'><img class='avia_image ' src='https:\/\/reproduction-badge.fr\/wp-content\/uploads\/2017\/04\/Cl\u00e9-carmine-tara-16.jpg' alt='' title='Cl\u00e9 carmine tara 16'   itemprop=\"thumbnailUrl\"  \/><\/div><\/div><\/p>\n<\/div><\/div><div class=\"flex_cell no_margin av_one_fifth   \" style='vertical-align:top; padding:20px 0px 20px 20px ; '><div class='flex_cell_inner' ><section class=\"av_textblock_section\"  itemscope=\"itemscope\" itemtype=\"https:\/\/schema.org\/CreativeWork\" ><div class='avia_textblock '   itemprop=\"text\" ><h2 style=\"text-align: center;\">CL\u00c9\u00a0CARMINE TARA 56\/76\/78\/100\/106<\/h2>\n<\/div><\/section><br \/>\n<div class='avia-image-container  av-styling-   avia-align-center '  itemscope=\"itemscope\" itemtype=\"https:\/\/schema.org\/ImageObject\"  ><div class='avia-image-container-inner'><img class='avia_image ' src='https:\/\/reproduction-badge.fr\/wp-content\/uploads\/2017\/04\/Cl\u00e9-carmine-tara-56.jpg' alt='' title='Cl\u00e9 carmine tara 56'   itemprop=\"thumbnailUrl\"  \/><\/div><\/div><\/p>\n<\/div><\/div>\n<\/div>\n<\/div><\/div><\/div><!-- close content main div --><\/div><\/div><div id='av-layout-grid-3' class='av-layout-grid-container entry-content-wrapper main_color av-flex-cells av-border-top-bottom container_wrap fullsize'   >\n<div class=\"flex_cell no_margin av_one_fifth   \" style='vertical-align:top; padding:20px 0px 20px 20px ; '><div class='flex_cell_inner' ><section class=\"av_textblock_section\"  itemscope=\"itemscope\" itemtype=\"https:\/\/schema.org\/CreativeWork\" ><div class='avia_textblock '   itemprop=\"text\" ><h2 style=\"text-align: center;\">CL\u00c9 CARMINE TARA PLUS<\/h2>\n<\/div><\/section><br \/>\n<div class='avia-image-container  av-styling-   avia-align-center '  itemscope=\"itemscope\" itemtype=\"https:\/\/schema.org\/ImageObject\"  ><div class='avia-image-container-inner'><img class='avia_image ' src='https:\/\/reproduction-badge.fr\/wp-content\/uploads\/2017\/04\/Cl\u00e9-carmine-tara-plus-a-mobile.jpg' alt='' title='Cl\u00e9 carmine tara plus a mobile'   itemprop=\"thumbnailUrl\"  \/><\/div><\/div><\/p>\n<\/div><\/div><div class=\"flex_cell no_margin av_one_fifth   \" style='vertical-align:top; padding:20px 0px 20px 20px ; '><div class='flex_cell_inner' ><section class=\"av_textblock_section\"  itemscope=\"itemscope\" itemtype=\"https:\/\/schema.org\/CreativeWork\" ><div class='avia_textblock '   itemprop=\"text\" ><h2 style=\"text-align: center;\">CL\u00c9\u00a0CARMINE KESO 2000<\/h2>\n<\/div><\/section><br \/>\n<div class='avia-image-container  av-styling-   avia-align-center '  itemscope=\"itemscope\" itemtype=\"https:\/\/schema.org\/ImageObject\"  ><div class='avia-image-container-inner'><img class='avia_image ' src='https:\/\/reproduction-badge.fr\/wp-content\/uploads\/2017\/04\/Cl\u00e9-carmine-keso-2000-s.jpg' alt='' title='Cl\u00e9 carmine keso 2000 s'   itemprop=\"thumbnailUrl\"  \/><\/div><\/div><\/p>\n<\/div><\/div><div class=\"flex_cell no_margin av_one_fifth   \" style='vertical-align:top; padding:20px 0px 20px 20px ; '><div class='flex_cell_inner' ><section class=\"av_textblock_section\"  itemscope=\"itemscope\" itemtype=\"https:\/\/schema.org\/CreativeWork\" ><div class='avia_textblock '   itemprop=\"text\" ><h2 style=\"text-align: center;\">CL\u00c9\u00a0CARMINE KESO 2000 OM\u00c9GA<\/h2>\n<\/div><\/section><br \/>\n<div class='avia-image-container  av-styling-   avia-align-center '  itemscope=\"itemscope\" itemtype=\"https:\/\/schema.org\/ImageObject\"  ><div class='avia-image-container-inner'><img class='avia_image ' src='https:\/\/reproduction-badge.fr\/wp-content\/uploads\/2017\/04\/Cl\u00e9-carmine-keso-2000-s-omega.jpg' alt='' title='Cl\u00e9 carmine keso 2000 s omega'   itemprop=\"thumbnailUrl\"  \/><\/div><\/div><\/p>\n<\/div><\/div><div class=\"flex_cell no_margin av_one_fifth   \" style='vertical-align:top; padding:20px 0px 20px 20px ; '><div class='flex_cell_inner' ><section class=\"av_textblock_section\"  itemscope=\"itemscope\" itemtype=\"https:\/\/schema.org\/CreativeWork\" ><div class='avia_textblock '   itemprop=\"text\" ><h2 style=\"text-align: center;\">CARTE DE PROPRI\u00c9T\u00c9 CARMINE<\/h2>\n<\/div><\/section><br \/>\n<div class='avia-image-container  av-styling-   avia-align-center '  itemscope=\"itemscope\" itemtype=\"https:\/\/schema.org\/ImageObject\"  ><div class='avia-image-container-inner'><img class='avia_image ' src='https:\/\/reproduction-badge.fr\/wp-content\/uploads\/2017\/04\/Carte-carmine-de-propri\u00e9t\u00e9.jpg' alt='' title='Carte carmine de propri\u00e9t\u00e9'   itemprop=\"thumbnailUrl\"  \/><\/div><\/div><\/p>\n<\/div><\/div><div class=\"flex_cell no_margin av_one_fifth   \" style='vertical-align:top; padding:20px 0px 20px 20px ; '><div class='flex_cell_inner' ><section class=\"av_textblock_section\"  itemscope=\"itemscope\" itemtype=\"https:\/\/schema.org\/CreativeWork\" ><div class='avia_textblock '   itemprop=\"text\" ><h2 style=\"text-align: center;\">CL\u00c9 CARMINE MODA SANS BILLE<\/h2>\n<\/div><\/section><br \/>\n<div class='avia-image-container  av-styling-   avia-align-center '  itemscope=\"itemscope\" itemtype=\"https:\/\/schema.org\/ImageObject\"  ><div class='avia-image-container-inner'><img class='avia_image ' src='https:\/\/reproduction-badge.fr\/wp-content\/uploads\/2017\/04\/Cl\u00e9-carmine-moda.jpg' alt='' title='Cl\u00e9 carmine moda'   itemprop=\"thumbnailUrl\"  \/><\/div><\/div><\/p>\n<\/div><\/div>\n<\/div>\n<\/div><\/div><\/div><!-- close content main div --><\/div><\/div><div id='av-layout-grid-4' class='av-layout-grid-container entry-content-wrapper main_color av-flex-cells av-border-top-bottom container_wrap fullsize'   >\n<div class=\"flex_cell no_margin av_one_fifth   \" style='vertical-align:top; padding:20px 0px 20px 20px ; '><div class='flex_cell_inner' ><section class=\"av_textblock_section\"  itemscope=\"itemscope\" itemtype=\"https:\/\/schema.org\/CreativeWork\" ><div class='avia_textblock '   itemprop=\"text\" ><h2 style=\"text-align: center;\">CL\u00c9 CARMINE MODA A\u00a0BILLE<\/h2>\n<\/div><\/section><br \/>\n<div class='avia-image-container  av-styling-   avia-align-center '  itemscope=\"itemscope\" itemtype=\"https:\/\/schema.org\/ImageObject\"  ><div class='avia-image-container-inner'><img class='avia_image ' src='https:\/\/reproduction-badge.fr\/wp-content\/uploads\/2017\/04\/Cl\u00e9-carmine-moda-plus1.jpg' alt='' title='Cl\u00e9 carmine moda plus'   itemprop=\"thumbnailUrl\"  \/><\/div><\/div><\/p>\n<\/div><\/div><div class=\"flex_cell no_margin av_one_fifth   \" style='vertical-align:top; padding:20px 0px 20px 20px ; '><div class='flex_cell_inner' ><section class=\"av_textblock_section\"  itemscope=\"itemscope\" itemtype=\"https:\/\/schema.org\/CreativeWork\" ><div class='avia_textblock '   itemprop=\"text\" ><h2 style=\"text-align: center;\">CL\u00c9 CARMINE MODA 6 \/ DAD 6 \/\u00a0ORKA<\/h2>\n<\/div><\/section><br \/>\n<div class='avia-image-container  av-styling-   avia-align-center '  itemscope=\"itemscope\" itemtype=\"https:\/\/schema.org\/ImageObject\"  ><div class='avia-image-container-inner'><img class='avia_image ' src='https:\/\/reproduction-badge.fr\/wp-content\/uploads\/2017\/04\/Cl\u00e9-carmine-moda-6-DAD-6-ORKA.jpg' alt='' title='Cl\u00e9 carmine moda 6 DAD 6 ORKA'   itemprop=\"thumbnailUrl\"  \/><\/div><\/div><\/p>\n<\/div><\/div><div class=\"flex_cell no_margin av_one_fifth   \" style='vertical-align:top; padding:20px 0px 20px 20px ; '><div class='flex_cell_inner' ><section class=\"av_textblock_section\"  itemscope=\"itemscope\" itemtype=\"https:\/\/schema.org\/CreativeWork\" ><div class='avia_textblock '   itemprop=\"text\" ><h2 style=\"text-align: center;\">CL\u00c9\u00a0CARMINE AXIRA &#8211; DAD<\/h2>\n<\/div><\/section><br \/>\n<div class='avia-image-container  av-styling-   avia-align-center '  itemscope=\"itemscope\" itemtype=\"https:\/\/schema.org\/ImageObject\"  ><div class='avia-image-container-inner'><img class='avia_image ' src='https:\/\/reproduction-badge.fr\/wp-content\/uploads\/2017\/04\/Cl\u00e9-carmine-axira-DAD.jpg' alt='' title='Cl\u00e9 carmine axira DAD'   itemprop=\"thumbnailUrl\"  \/><\/div><\/div><\/p>\n<\/div><\/div><div class=\"flex_cell no_margin av_one_fifth   \" style='vertical-align:top; padding:20px 0px 20px 20px ; '><div class='flex_cell_inner' ><section class=\"av_textblock_section\"  itemscope=\"itemscope\" itemtype=\"https:\/\/schema.org\/CreativeWork\" ><div class='avia_textblock '   itemprop=\"text\" ><h2 style=\"text-align: center;\">CL\u00c9\u00a0CARMINE ALPHA A \/ ALPHA WR<\/h2>\n<\/div><\/section><br \/>\n<div class='avia-image-container  av-styling-   avia-align-center '  itemscope=\"itemscope\" itemtype=\"https:\/\/schema.org\/ImageObject\"  ><div class='avia-image-container-inner'><img class='avia_image ' src='https:\/\/reproduction-badge.fr\/wp-content\/uploads\/2017\/04\/Cl\u00e9-carmine-Alpha-A-Alpha-WR.jpg' alt='' title='Cl\u00e9 carmine Alpha A Alpha WR'   itemprop=\"thumbnailUrl\"  \/><\/div><\/div><\/p>\n<\/div><\/div><div class=\"flex_cell no_margin av_one_fifth   \" style='vertical-align:top; padding:20px 0px 20px 20px ; '><div class='flex_cell_inner' ><section class=\"av_textblock_section\"  itemscope=\"itemscope\" itemtype=\"https:\/\/schema.org\/CreativeWork\" ><div class='avia_textblock '   itemprop=\"text\" ><h2 style=\"text-align: center;\">CL\u00c9\u00a0CARMINE MODA 12<\/h2>\n<\/div><\/section><br \/>\n<div class='avia-image-container  av-styling-   avia-align-center '  itemscope=\"itemscope\" itemtype=\"https:\/\/schema.org\/ImageObject\"  ><div class='avia-image-container-inner'><img class='avia_image ' src='https:\/\/reproduction-badge.fr\/wp-content\/uploads\/2017\/04\/Cl\u00e9-carmine-MODA-12.jpg' alt='' title='Cl\u00e9 carmine MODA 12'   itemprop=\"thumbnailUrl\"  \/><\/div><\/div><\/p>\n<\/div><\/div>\n<\/div>\n<\/div><\/div><\/div><!-- close content main div --><\/div><\/div><div id='av-layout-grid-5' class='av-layout-grid-container entry-content-wrapper main_color av-flex-cells av-border-top-bottom container_wrap fullsize'   >\n<div class=\"flex_cell no_margin av_one_fifth   \" style='vertical-align:top; padding:20px 0px 20px 20px ; '><div class='flex_cell_inner' ><section class=\"av_textblock_section\"  itemscope=\"itemscope\" itemtype=\"https:\/\/schema.org\/CreativeWork\" ><div class='avia_textblock '   itemprop=\"text\" ><h2 style=\"text-align: center;\">CL\u00c9 CARMINE\u00a0GAMMA SANS MOBILE<\/h2>\n<\/div><\/section><br \/>\n<div class='avia-image-container  av-styling-   avia-align-center '  itemscope=\"itemscope\" itemtype=\"https:\/\/schema.org\/ImageObject\"  ><div class='avia-image-container-inner'><img class='avia_image ' src='https:\/\/reproduction-badge.fr\/wp-content\/uploads\/2017\/04\/Cl\u00e9-carmine-gamma.jpg' alt='' title='Cl\u00e9 carmine gamma'   itemprop=\"thumbnailUrl\"  \/><\/div><\/div><\/p>\n<\/div><\/div><div class=\"flex_cell no_margin av_one_fifth   \" style='vertical-align:top; padding:20px 0px 20px 20px ; '><div class='flex_cell_inner' ><section class=\"av_textblock_section\"  itemscope=\"itemscope\" itemtype=\"https:\/\/schema.org\/CreativeWork\" ><div class='avia_textblock '   itemprop=\"text\" ><h2 style=\"text-align: center;\">CL\u00c9 CARMINE\u00a0GAMMA A MOBILE<\/h2>\n<\/div><\/section><br \/>\n<div class='avia-image-container  av-styling-   avia-align-center '  itemscope=\"itemscope\" itemtype=\"https:\/\/schema.org\/ImageObject\"  ><div class='avia-image-container-inner'><img class='avia_image ' src='https:\/\/reproduction-badge.fr\/wp-content\/uploads\/2017\/04\/Cl\u00e9-carmine-gama-a-mobile.jpg' alt='' title='Cl\u00e9 carmine gama a mobile'   itemprop=\"thumbnailUrl\"  \/><\/div><\/div><\/p>\n<\/div><\/div><div class=\"flex_cell no_margin av_one_fifth   \" style='vertical-align:top; padding:20px 0px 20px 20px ; '><div class='flex_cell_inner' ><section class=\"av_textblock_section\"  itemscope=\"itemscope\" itemtype=\"https:\/\/schema.org\/CreativeWork\" ><div class='avia_textblock '   itemprop=\"text\" ><h2 style=\"text-align: center;\">CL\u00c9\u00a0CARMINE\u00a0SCALA<\/h2>\n<\/div><\/section><br \/>\n<div class='avia-image-container  av-styling-   avia-align-center '  itemscope=\"itemscope\" itemtype=\"https:\/\/schema.org\/ImageObject\"  ><div class='avia-image-container-inner'><img class='avia_image ' src='https:\/\/reproduction-badge.fr\/wp-content\/uploads\/2017\/04\/Cl\u00e9-carmine-scala.jpg' alt='' title='Cl\u00e9 carmine scala'   itemprop=\"thumbnailUrl\"  \/><\/div><\/div><\/p>\n<\/div><\/div><div class=\"flex_cell no_margin av_one_fifth   \" style='vertical-align:top; padding:20px 0px 20px 20px ; '><div class='flex_cell_inner' ><\/div><\/div><div class=\"flex_cell no_margin av_one_fifth   \" style='vertical-align:top; padding:20px 0px 20px 20px ; '><div class='flex_cell_inner' ><\/div><\/div>\n<\/div>\n<div class='avia-image-container  av-styling-   avia-align-center '  itemscope=\"itemscope\" itemtype=\"https:\/\/schema.org\/ImageObject\"  ><div class='avia-image-container-inner'><img class='avia_image ' src='https:\/\/reproduction-badge.fr\/wp-content\/uploads\/2017\/04\/l\u00e9gende1.jpg' alt='' title='l\u00e9gende'   itemprop=\"thumbnailUrl\"  \/><\/div><\/div>\n","protected":false},"excerpt":{"rendered":"","protected":false},"author":1,"featured_media":0,"parent":0,"menu_order":0,"comment_status":"closed","ping_status":"closed","template":"","meta":{"footnotes":""},"class_list":["post-3685","page","type-page","status-publish","hentry"],"_links":{"self":[{"href":"https:\/\/reproduction-badge.fr\/index.php?rest_route=\/wp\/v2\/pages\/3685","targetHints":{"allow":["GET"]}}],"collection":[{"href":"https:\/\/reproduction-badge.fr\/index.php?rest_route=\/wp\/v2\/pages"}],"about":[{"href":"https:\/\/reproduction-badge.fr\/index.php?rest_route=\/wp\/v2\/types\/page"}],"author":[{"embeddable":true,"href":"https:\/\/reproduction-badge.fr\/index.php?rest_route=\/wp\/v2\/users\/1"}],"replies":[{"embeddable":true,"href":"https:\/\/reproduction-badge.fr\/index.php?rest_route=%2Fwp%2Fv2%2Fcomments&post=3685"}],"version-history":[{"count":3,"href":"https:\/\/reproduction-badge.fr\/index.php?rest_route=\/wp\/v2\/pages\/3685\/revisions"}],"predecessor-version":[{"id":3949,"href":"https:\/\/reproduction-badge.fr\/index.php?rest_route=\/wp\/v2\/pages\/3685\/revisions\/3949"}],"wp:attachment":[{"href":"https:\/\/reproduction-badge.fr\/index.php?rest_route=%2Fwp%2Fv2%2Fmedia&parent=3685"}],"curies":[{"name":"wp","href":"https:\/\/api.w.org\/{rel}","templated":true}]}}