{"id":3573,"date":"2017-04-25T06:57:06","date_gmt":"2017-04-25T05:57:06","guid":{"rendered":"https:\/\/reproduction-badge.fr\/?page_id=3573"},"modified":"2017-04-28T08:34:19","modified_gmt":"2017-04-28T07:34:19","slug":"abus","status":"publish","type":"page","link":"https:\/\/reproduction-badge.fr\/?page_id=3573","title":{"rendered":"ABUS"},"content":{"rendered":"<\/div><\/div><\/div><!-- close content main div --><\/div><\/div><div id='av-layout-grid-1' class='av-layout-grid-container entry-content-wrapper main_color av-flex-cells  container_wrap fullsize'   >\n<div class=\"flex_cell no_margin av_one_third   \" style='vertical-align:top; padding:30px; '><div class='flex_cell_inner' ><div class='avia-image-container  av-styling-   avia-align-center '  itemscope=\"itemscope\" itemtype=\"https:\/\/schema.org\/ImageObject\"  ><div class='avia-image-container-inner'><img class='avia_image ' src='https:\/\/reproduction-badge.fr\/wp-content\/uploads\/2013\/04\/Screenshot_2-1030x5641.jpg' alt='' title='Screenshot_2-1030x564'   itemprop=\"thumbnailUrl\"  \/><\/div><\/div>\n<\/div><\/div><div class=\"flex_cell no_margin av_one_third   \" style='vertical-align:top; padding:30px; '><div class='flex_cell_inner' ><div class='avia-image-container  av-styling-   avia-align-center '  itemscope=\"itemscope\" itemtype=\"https:\/\/schema.org\/ImageObject\"  ><div class='avia-image-container-inner'><img class='avia_image ' src='https:\/\/reproduction-badge.fr\/wp-content\/uploads\/2013\/04\/encart_coordonn\u00e9es1.png' alt='' title='encart_coordonn\u00e9es'   itemprop=\"thumbnailUrl\"  \/><\/div><\/div>\n<\/div><\/div><div class=\"flex_cell no_margin av_one_third   \" style='vertical-align:top; padding:30px; '><div class='flex_cell_inner' ><div id='av_gmap_1' class='avia-google-map-container' data-mapid='1' style='height: 300px;'><\/div>\n<\/div><\/div>\n<\/div>\n<section class=\"av_textblock_section\"  itemscope=\"itemscope\" itemtype=\"https:\/\/schema.org\/CreativeWork\" ><div class='avia_textblock '   itemprop=\"text\" ><h1><a href=\"http:\/\/reproduction-badge.fr\/wp-content\/uploads\/2017\/04\/abus.jpg\"><img loading=\"lazy\" decoding=\"async\" class=\"size-full wp-image-3579 alignright\" src=\"http:\/\/reproduction-badge.fr\/wp-content\/uploads\/2017\/04\/abus.jpg\" alt=\"abus\" width=\"232\" height=\"89\" \/><\/a>Reproduction de Cl\u00e9s de marque ABUS<\/h1>\n<h2>Carte obligatoire sur certaines cl\u00e9s.\u00a0Si celle-ci a \u00e9t\u00e9 perdue, vous devez commandez une nouvelle carte de propri\u00e9t\u00e9 ABUS.<\/h2>\n<\/div><\/section>\n<\/div><\/div><\/div><!-- close content main div --><\/div><\/div><div id='av-layout-grid-2' class='av-layout-grid-container entry-content-wrapper main_color av-flex-cells av-border-top-bottom container_wrap fullsize'   >\n<div class=\"flex_cell no_margin av_one_fifth   \" style='vertical-align:top; padding:20px 0px 20px 20px ; '><div class='flex_cell_inner' ><section class=\"av_textblock_section\"  itemscope=\"itemscope\" itemtype=\"https:\/\/schema.org\/CreativeWork\" ><div class='avia_textblock '   itemprop=\"text\" ><h2 style=\"text-align: center;\">CL\u00c9\u00a0ABUS XP1<\/h2>\n<\/div><\/section><br \/>\n<div class='avia-image-container  av-styling-   avia-align-center '  itemscope=\"itemscope\" itemtype=\"https:\/\/schema.org\/ImageObject\"  ><div class='avia-image-container-inner'><img class='avia_image ' src='https:\/\/reproduction-badge.fr\/wp-content\/uploads\/2017\/04\/cl\u00e9-abus-xp11.jpg' alt='' title='cl\u00e9 abus xp1'   itemprop=\"thumbnailUrl\"  \/><\/div><\/div><\/p>\n<\/div><\/div><div class=\"flex_cell no_margin av_one_fifth   \" style='vertical-align:top; padding:20px 0px 20px 20px ; '><div class='flex_cell_inner' ><section class=\"av_textblock_section\"  itemscope=\"itemscope\" itemtype=\"https:\/\/schema.org\/CreativeWork\" ><div class='avia_textblock '   itemprop=\"text\" ><h2 style=\"text-align: center;\">CL\u00c9\u00a0ABUS XP2 \u00c0\u00a0BILLE<\/h2>\n<\/div><\/section><br \/>\n<div class='avia-image-container  av-styling-   avia-align-center '  itemscope=\"itemscope\" itemtype=\"https:\/\/schema.org\/ImageObject\"  ><div class='avia-image-container-inner'><img class='avia_image ' src='https:\/\/reproduction-badge.fr\/wp-content\/uploads\/2017\/04\/cl\u00e9-abus-xp2.jpg' alt='' title='cl\u00e9 abus xp2'   itemprop=\"thumbnailUrl\"  \/><\/div><\/div><\/p>\n<\/div><\/div><div class=\"flex_cell no_margin av_one_fifth   \" style='vertical-align:top; padding:20px 0px 20px 20px ; '><div class='flex_cell_inner' ><section class=\"av_textblock_section\"  itemscope=\"itemscope\" itemtype=\"https:\/\/schema.org\/CreativeWork\" ><div class='avia_textblock '   itemprop=\"text\" ><h2 style=\"text-align: center;\">CL\u00c9\u00a0ABUS\u00a0EP10 \u00c0 MOBILE<\/h2>\n<\/div><\/section><br \/>\n<div class='avia-image-container  av-styling-   avia-align-center '  itemscope=\"itemscope\" itemtype=\"https:\/\/schema.org\/ImageObject\"  ><div class='avia-image-container-inner'><img class='avia_image ' src='https:\/\/reproduction-badge.fr\/wp-content\/uploads\/2017\/04\/cl\u00e9-abus-EP10.jpg' alt='' title='cl\u00e9 abus EP10'   itemprop=\"thumbnailUrl\"  \/><\/div><\/div><\/p>\n<\/div><\/div><div class=\"flex_cell no_margin av_one_fifth   \" style='vertical-align:top; padding:20px 0px 20px 20px ; '><div class='flex_cell_inner' ><section class=\"av_textblock_section\"  itemscope=\"itemscope\" itemtype=\"https:\/\/schema.org\/CreativeWork\" ><div class='avia_textblock '   itemprop=\"text\" ><h2 style=\"text-align: center;\">CL\u00c9\u00a0ABUS\u00a0TOP SECURITY &#8211; TSX<\/h2>\n<\/div><\/section><br \/>\n<div class='avia-image-container  av-styling-   avia-align-center '  itemscope=\"itemscope\" itemtype=\"https:\/\/schema.org\/ImageObject\"  ><div class='avia-image-container-inner'><img class='avia_image ' src='https:\/\/reproduction-badge.fr\/wp-content\/uploads\/2017\/04\/cl\u00e9-abus-TSX.jpg' alt='' title='cl\u00e9 abus TSX'   itemprop=\"thumbnailUrl\"  \/><\/div><\/div><\/p>\n<\/div><\/div><div class=\"flex_cell no_margin av_one_fifth   \" style='vertical-align:top; padding:20px 0px 20px 20px ; '><div class='flex_cell_inner' ><section class=\"av_textblock_section\"  itemscope=\"itemscope\" itemtype=\"https:\/\/schema.org\/CreativeWork\" ><div class='avia_textblock '   itemprop=\"text\" ><h2 style=\"text-align: center;\">CL\u00c9\u00a0ABUS\u00a0TS 5000 \/ D10<\/h2>\n<\/div><\/section><br \/>\n<div class='avia-image-container  av-styling-   avia-align-center '  itemscope=\"itemscope\" itemtype=\"https:\/\/schema.org\/ImageObject\"  ><div class='avia-image-container-inner'><img class='avia_image ' src='https:\/\/reproduction-badge.fr\/wp-content\/uploads\/2017\/04\/cl\u00e9-abus-ts5000.jpg' alt='' title='cl\u00e9 abus ts5000'   itemprop=\"thumbnailUrl\"  \/><\/div><\/div><\/p>\n<\/div><\/div>\n<\/div>\n<\/div><\/div><\/div><!-- close content main div --><\/div><\/div><div id='av-layout-grid-3' class='av-layout-grid-container entry-content-wrapper main_color av-flex-cells av-border-top-bottom container_wrap fullsize'   >\n<div class=\"flex_cell no_margin av_one_fifth   \" style='vertical-align:top; padding:20px 0px 20px 20px ; '><div class='flex_cell_inner' ><section class=\"av_textblock_section\"  itemscope=\"itemscope\" itemtype=\"https:\/\/schema.org\/CreativeWork\" ><div class='avia_textblock '   itemprop=\"text\" ><h2 style=\"text-align: center;\">CL\u00c9\u00a0ABUS\u00a0EXTRA CLASS<\/h2>\n<\/div><\/section><br \/>\n<div class='avia-image-container  av-styling-   avia-align-center '  itemscope=\"itemscope\" itemtype=\"https:\/\/schema.org\/ImageObject\"  ><div class='avia-image-container-inner'><img class='avia_image ' src='https:\/\/reproduction-badge.fr\/wp-content\/uploads\/2017\/04\/cl\u00e9-abus-extra-class.jpg' alt='' title='cl\u00e9 abus extra class'   itemprop=\"thumbnailUrl\"  \/><\/div><\/div><\/p>\n<\/div><\/div><div class=\"flex_cell no_margin av_one_fifth   \" style='vertical-align:top; padding:20px 0px 20px 20px ; '><div class='flex_cell_inner' ><section class=\"av_textblock_section\"  itemscope=\"itemscope\" itemtype=\"https:\/\/schema.org\/CreativeWork\" ><div class='avia_textblock '   itemprop=\"text\" ><h2 style=\"text-align: center;\">CL\u00c9\u00a0ABUS\u00a0D6\/D8<\/h2>\n<\/div><\/section><br \/>\n<div class='avia-image-container  av-styling-   avia-align-center '  itemscope=\"itemscope\" itemtype=\"https:\/\/schema.org\/ImageObject\"  ><div class='avia-image-container-inner'><img class='avia_image ' src='https:\/\/reproduction-badge.fr\/wp-content\/uploads\/2017\/04\/cl\u00e9-abus-d6-d8.jpg' alt='' title='cl\u00e9 abus d6 d8'   itemprop=\"thumbnailUrl\"  \/><\/div><\/div><\/p>\n<\/div><\/div><div class=\"flex_cell no_margin av_one_fifth   \" style='vertical-align:top; padding:20px 0px 20px 20px ; '><div class='flex_cell_inner' ><section class=\"av_textblock_section\"  itemscope=\"itemscope\" itemtype=\"https:\/\/schema.org\/CreativeWork\" ><div class='avia_textblock '   itemprop=\"text\" ><h2 style=\"text-align: center;\">CL\u00c9\u00a0ABUS\u00a0EC EXTRA CLASSE<\/h2>\n<\/div><\/section><br \/>\n<div class='avia-image-container  av-styling-   avia-align-center '  itemscope=\"itemscope\" itemtype=\"https:\/\/schema.org\/ImageObject\"  ><div class='avia-image-container-inner'><img class='avia_image ' src='https:\/\/reproduction-badge.fr\/wp-content\/uploads\/2017\/04\/cl\u00e9-abus-ex-extra-classe.jpg' alt='' title='cl\u00e9 abus ex extra classe'   itemprop=\"thumbnailUrl\"  \/><\/div><\/div><\/p>\n<\/div><\/div><div class=\"flex_cell no_margin av_one_fifth   \" style='vertical-align:top; padding:20px 0px 20px 20px ; '><div class='flex_cell_inner' ><section class=\"av_textblock_section\"  itemscope=\"itemscope\" itemtype=\"https:\/\/schema.org\/CreativeWork\" ><div class='avia_textblock '   itemprop=\"text\" ><h2 style=\"text-align: center;\">CL\u00c9\u00a0ABUS\u00a0W LINE<\/h2>\n<\/div><\/section><br \/>\n<div class='avia-image-container  av-styling-   avia-align-center '  itemscope=\"itemscope\" itemtype=\"https:\/\/schema.org\/ImageObject\"  ><div class='avia-image-container-inner'><img class='avia_image ' src='https:\/\/reproduction-badge.fr\/wp-content\/uploads\/2017\/04\/cl\u00e9-abus-w-line.jpg' alt='' title='cl\u00e9 abus w line'   itemprop=\"thumbnailUrl\"  \/><\/div><\/div><\/p>\n<\/div><\/div><div class=\"flex_cell no_margin av_one_fifth   \" style='vertical-align:top; padding:20px 0px 20px 20px ; '><div class='flex_cell_inner' ><section class=\"av_textblock_section\"  itemscope=\"itemscope\" itemtype=\"https:\/\/schema.org\/CreativeWork\" ><div class='avia_textblock '   itemprop=\"text\" ><h2 style=\"text-align: center;\">CL\u00c9 PLATE ABUS<\/h2>\n<\/div><\/section><br \/>\n<div class='avia-image-container  av-styling-   avia-align-center '  itemscope=\"itemscope\" itemtype=\"https:\/\/schema.org\/ImageObject\"  ><div class='avia-image-container-inner'><img class='avia_image ' src='https:\/\/reproduction-badge.fr\/wp-content\/uploads\/2017\/04\/cl\u00e9-abus-plate.jpg' alt='' title='cl\u00e9 abus plate'   itemprop=\"thumbnailUrl\"  \/><\/div><\/div><\/p>\n<\/div><\/div><\/div><\/div><\/div><\/div><!-- close content main div --><\/div><\/div><div id='av-layout-grid-4' class='av-layout-grid-container entry-content-wrapper main_color av-flex-cells av-border-top-bottom container_wrap fullsize'   >\n<div class=\"flex_cell no_margin av_one_fifth   \" style='vertical-align:top; padding:20px 0px 20px 20px ; '><div class='flex_cell_inner' ><section class=\"av_textblock_section\"  itemscope=\"itemscope\" itemtype=\"https:\/\/schema.org\/CreativeWork\" ><div class='avia_textblock '   itemprop=\"text\" ><h2 style=\"text-align: center;\">CL\u00c9\u00a0ABUS\u00a0PLUS \/ X PLUS<\/h2>\n<\/div><\/section><br \/>\n<div class='avia-image-container  av-styling-   avia-align-center '  itemscope=\"itemscope\" itemtype=\"https:\/\/schema.org\/ImageObject\"  ><div class='avia-image-container-inner'><img class='avia_image ' src='https:\/\/reproduction-badge.fr\/wp-content\/uploads\/2017\/04\/cl\u00e9-abus-plus.jpg' alt='' title='cl\u00e9 abus plus'   itemprop=\"thumbnailUrl\"  \/><\/div><\/div><\/p>\n<\/div><\/div><div class=\"flex_cell no_margin av_one_fifth   \" style='vertical-align:top; padding:20px 0px 20px 20px ; '><div class='flex_cell_inner' ><section class=\"av_textblock_section\"  itemscope=\"itemscope\" itemtype=\"https:\/\/schema.org\/CreativeWork\" ><div class='avia_textblock '   itemprop=\"text\" ><h2 style=\"text-align: center;\">CL\u00c9\u00a0ABUS\u00a0X PLUS LUMINEUSE<\/h2>\n<\/div><\/section><br \/>\n<div class='avia-image-container  av-styling-   avia-align-center '  itemscope=\"itemscope\" itemtype=\"https:\/\/schema.org\/ImageObject\"  ><div class='avia-image-container-inner'><img class='avia_image ' src='https:\/\/reproduction-badge.fr\/wp-content\/uploads\/2017\/04\/cl\u00e9-abus-plus-lumineuse.jpg' alt='' title='cl\u00e9 abus plus lumineuse'   itemprop=\"thumbnailUrl\"  \/><\/div><\/div><\/p>\n<\/div><\/div><div class=\"flex_cell no_margin av_one_fifth   \" style='vertical-align:top; padding:20px 0px 20px 20px ; '><div class='flex_cell_inner' ><section class=\"av_textblock_section\"  itemscope=\"itemscope\" itemtype=\"https:\/\/schema.org\/CreativeWork\" ><div class='avia_textblock '   itemprop=\"text\" ><h2 style=\"text-align: center;\">CL\u00c9\u00a0ABUS\u00a0BRAVUS 2000\/3000\/4000<\/h2>\n<\/div><\/section><br \/>\n<div class='avia-image-container  av-styling-   avia-align-center '  itemscope=\"itemscope\" itemtype=\"https:\/\/schema.org\/ImageObject\"  ><div class='avia-image-container-inner'><img class='avia_image ' src='https:\/\/reproduction-badge.fr\/wp-content\/uploads\/2017\/04\/cl\u00e9-abus-bravus-2000-3000-4000.jpg' alt='' title='cl\u00e9 abus bravus 2000 3000 4000'   itemprop=\"thumbnailUrl\"  \/><\/div><\/div><\/p>\n<\/div><\/div><div class=\"flex_cell no_margin av_one_fifth   \" style='vertical-align:top; padding:20px 0px 20px 20px ; '><div class='flex_cell_inner' ><section class=\"av_textblock_section\"  itemscope=\"itemscope\" itemtype=\"https:\/\/schema.org\/CreativeWork\" ><div class='avia_textblock '   itemprop=\"text\" ><h2 style=\"text-align: center;\">CARTE DE PROPR\u00c9T\u00c9\u00a0ABUS<\/h2>\n<\/div><\/section><br \/>\n<div class='avia-image-container  av-styling-   avia-align-center '  itemscope=\"itemscope\" itemtype=\"https:\/\/schema.org\/ImageObject\"  ><div class='avia-image-container-inner'><img class='avia_image ' src='https:\/\/reproduction-badge.fr\/wp-content\/uploads\/2017\/04\/5-Copie.jpg' alt='' title='5 - Copie'   itemprop=\"thumbnailUrl\"  \/><\/div><\/div><\/p>\n<\/div><\/div><div class=\"flex_cell no_margin av_one_fifth   \" style='vertical-align:top; padding:50px 50px 50px 20px ; '><div class='flex_cell_inner' ><section class=\"av_textblock_section\"  itemscope=\"itemscope\" itemtype=\"https:\/\/schema.org\/CreativeWork\" ><div class='avia_textblock '  style='font-size:17px; '  itemprop=\"text\" ><h3 style=\"text-align: justify;\">CL\u00c9S ABUS<\/h3>\n<h3 style=\"text-align: justify;\">CARTE OBLIGATOIRE<\/h3>\n<p style=\"text-align: left;\">Pour toute commande de cl\u00e9 brevet\u00e9e, <strong>la carte de propri\u00e9t\u00e9 est indispensable<\/strong>.\u00a0Si vous ne pouvez la produire, ABUS\u00a0exige en sus l\u2019achat d&rsquo;une nouvelle carte.<\/p>\n<\/div><\/section>\n<\/div><\/div><\/div><\/div><\/div><\/div><!-- close content main div --><\/div><\/div><div id='av-layout-grid-5' class='av-layout-grid-container entry-content-wrapper main_color av-flex-cells av-border-top-bottom container_wrap fullsize'   >\n<div class=\"flex_cell no_margin av_one_fifth   \" style='vertical-align:top; padding:20px 0px 20px 20px ; '><div class='flex_cell_inner' ><section class=\"av_textblock_section\"  itemscope=\"itemscope\" itemtype=\"https:\/\/schema.org\/CreativeWork\" ><div class='avia_textblock '   itemprop=\"text\" ><h2 style=\"text-align: center;\">CL\u00c9\u00a0ABUS\u00a0Y14 DELTUS<\/h2>\n<\/div><\/section><br \/>\n<div class='avia-image-container  av-styling-   avia-align-center '  itemscope=\"itemscope\" itemtype=\"https:\/\/schema.org\/ImageObject\"  ><div class='avia-image-container-inner'><img class='avia_image ' src='https:\/\/reproduction-badge.fr\/wp-content\/uploads\/2017\/04\/cl\u00e9-abus-xp11.jpg' alt='' title='cl\u00e9 abus xp1'   itemprop=\"thumbnailUrl\"  \/><\/div><\/div><\/p>\n<\/div><\/div><div class=\"flex_cell no_margin av_one_fifth   \" style='vertical-align:top; padding:20px 0px 20px 20px ; '><div class='flex_cell_inner' ><\/div><\/div><div class=\"flex_cell no_margin av_one_fifth   \" style='vertical-align:top; padding:20px 0px 20px 20px ; '><div class='flex_cell_inner' ><\/div><\/div><div class=\"flex_cell no_margin av_one_fifth   \" style='vertical-align:top; padding:20px 0px 20px 20px ; '><div class='flex_cell_inner' ><\/div><\/div><div class=\"flex_cell no_margin av_one_fifth   \" style='vertical-align:top; padding:50px 50px 50px 20px ; '><div class='flex_cell_inner' ><\/div><\/div>\n<\/div><\/p>\n<div class='avia-image-container  av-styling-   avia-align-center '  itemscope=\"itemscope\" itemtype=\"https:\/\/schema.org\/ImageObject\"  ><div class='avia-image-container-inner'><img class='avia_image ' src='https:\/\/reproduction-badge.fr\/wp-content\/uploads\/2017\/04\/l\u00e9gende1.jpg' alt='' title='l\u00e9gende'   itemprop=\"thumbnailUrl\"  \/><\/div><\/div>\n","protected":false},"excerpt":{"rendered":"","protected":false},"author":1,"featured_media":0,"parent":0,"menu_order":0,"comment_status":"closed","ping_status":"closed","template":"","meta":{"footnotes":""},"class_list":["post-3573","page","type-page","status-publish","hentry"],"_links":{"self":[{"href":"https:\/\/reproduction-badge.fr\/index.php?rest_route=\/wp\/v2\/pages\/3573","targetHints":{"allow":["GET"]}}],"collection":[{"href":"https:\/\/reproduction-badge.fr\/index.php?rest_route=\/wp\/v2\/pages"}],"about":[{"href":"https:\/\/reproduction-badge.fr\/index.php?rest_route=\/wp\/v2\/types\/page"}],"author":[{"embeddable":true,"href":"https:\/\/reproduction-badge.fr\/index.php?rest_route=\/wp\/v2\/users\/1"}],"replies":[{"embeddable":true,"href":"https:\/\/reproduction-badge.fr\/index.php?rest_route=%2Fwp%2Fv2%2Fcomments&post=3573"}],"version-history":[{"count":59,"href":"https:\/\/reproduction-badge.fr\/index.php?rest_route=\/wp\/v2\/pages\/3573\/revisions"}],"predecessor-version":[{"id":3586,"href":"https:\/\/reproduction-badge.fr\/index.php?rest_route=\/wp\/v2\/pages\/3573\/revisions\/3586"}],"wp:attachment":[{"href":"https:\/\/reproduction-badge.fr\/index.php?rest_route=%2Fwp%2Fv2%2Fmedia&parent=3573"}],"curies":[{"name":"wp","href":"https:\/\/api.w.org\/{rel}","templated":true}]}}